{"id":2020,"date":"2025-06-02T11:53:49","date_gmt":"2025-06-02T11:53:49","guid":{"rendered":"https:\/\/thebosschartersibiza.com\/?post_type=product&#038;p=2020"},"modified":"2025-07-02T17:27:02","modified_gmt":"2025-07-02T17:27:02","slug":"catamaran-olvap-500","status":"publish","type":"product","link":"https:\/\/thebosschartersibiza.com\/de\/producto\/catamaran-olvap-500\/","title":{"rendered":"Catamaran Olvap 500"},"content":{"rendered":"<section class=\"elementor-section elementor-inner-section elementor-element elementor-element-76c64108 elementor-section-boxed elementor-section-height-default elementor-section-height-default\" data-id=\"76c64108\" data-element_type=\"section\">\n<div class=\"elementor-container elementor-column-gap-default\">\n<div class=\"elementor-column elementor-col-100 elementor-inner-column elementor-element elementor-element-59054056\" data-id=\"59054056\" data-element_type=\"column\">\n<div class=\"elementor-widget-wrap elementor-element-populated\">\n<div class=\"elementor-element elementor-element-76fcc971 elementor-widget elementor-widget-heading\" data-id=\"76fcc971\" data-element_type=\"widget\" data-widget_type=\"heading.default\">\n<div class=\"elementor-widget-container\">\n<h2 class=\"elementor-heading-title elementor-size-default\">MEHR INFORMATIONEN<\/h2>\n<\/div>\n<\/div>\n<div class=\"elementor-element elementor-element-b2a1789 elementor-position-left elementor-vertical-align-top elementor-widget elementor-widget-image-box\" data-id=\"b2a1789\" data-element_type=\"widget\" data-widget_type=\"image-box.default\">\n<div class=\"elementor-widget-container\">\n<div class=\"elementor-image-box-wrapper\">\n<figure class=\"elementor-image-box-img\"><img decoding=\"async\" class=\"attachment-full wp-image-1041 alignleft\" src=\"https:\/\/boatsnolicenseibiza.com\/wp-content\/uploads\/2023\/03\/boat.png\" sizes=\"(max-width: 512px) 100vw, 512px\" srcset=\"https:\/\/boatsnolicenseibiza.com\/wp-content\/uploads\/2023\/03\/boat.png 512w, https:\/\/boatsnolicenseibiza.com\/wp-content\/uploads\/2023\/03\/boat-300x300.png 300w, https:\/\/boatsnolicenseibiza.com\/wp-content\/uploads\/2023\/03\/boat-150x150.png 150w, https:\/\/boatsnolicenseibiza.com\/wp-content\/uploads\/2023\/03\/boat-12x12.png 12w\" alt=\"\" width=\"21\" height=\"21\" \/><\/figure>\n<div class=\"elementor-image-box-content\">\n<h3 class=\"elementor-image-box-title\">Boot<\/h3>\n<\/div>\n<\/div>\n<\/div>\n<\/div>\n<div class=\"elementor-element elementor-element-2fdb39e elementor-widget elementor-widget-text-editor\" data-id=\"2fdb39e\" data-element_type=\"widget\" data-widget_type=\"text-editor.default\">\n<div class=\"elementor-widget-container\">\n<ul>\n<li>Catamaran Olvap 500<\/li>\n<li>L\u00e4nge 5 Meter<\/li>\n<li>Kapazit\u00e4t 6 Personen<\/li>\n<li>Yamaha-Motor mit 15 PS<\/li>\n<\/ul>\n<\/div>\n<\/div>\n<\/div>\n<\/div>\n<\/div>\n<\/section>\n<section class=\"elementor-section elementor-inner-section elementor-element elementor-element-59808a7 elementor-section-boxed elementor-section-height-default elementor-section-height-default\" data-id=\"59808a7\" data-element_type=\"section\">\n<div class=\"elementor-container elementor-column-gap-default\">\n<div class=\"elementor-column elementor-col-100 elementor-inner-column elementor-element elementor-element-8d1483b\" data-id=\"8d1483b\" data-element_type=\"column\">\n<div class=\"elementor-widget-wrap elementor-element-populated\">\n<div class=\"elementor-element elementor-element-8461722 elementor-position-left elementor-vertical-align-top elementor-widget elementor-widget-image-box\" data-id=\"8461722\" data-element_type=\"widget\" data-widget_type=\"image-box.default\">\n<div class=\"elementor-widget-container\">\n<div class=\"elementor-image-box-wrapper\">\n<figure class=\"elementor-image-box-img\"><img decoding=\"async\" class=\"attachment-full wp-image-1042 alignleft\" src=\"https:\/\/boatsnolicenseibiza.com\/wp-content\/uploads\/2023\/03\/meeting-point.png\" sizes=\"(max-width: 512px) 100vw, 512px\" srcset=\"https:\/\/boatsnolicenseibiza.com\/wp-content\/uploads\/2023\/03\/meeting-point.png 512w, https:\/\/boatsnolicenseibiza.com\/wp-content\/uploads\/2023\/03\/meeting-point-300x300.png 300w, https:\/\/boatsnolicenseibiza.com\/wp-content\/uploads\/2023\/03\/meeting-point-150x150.png 150w, https:\/\/boatsnolicenseibiza.com\/wp-content\/uploads\/2023\/03\/meeting-point-12x12.png 12w\" alt=\"\" width=\"21\" height=\"21\" \/><\/figure>\n<div class=\"elementor-image-box-content\">\n<h3 class=\"elementor-image-box-title\">Treffpunkt<\/h3>\n<\/div>\n<\/div>\n<\/div>\n<\/div>\n<div class=\"elementor-element elementor-element-1ef2c41 elementor-widget elementor-widget-text-editor\" data-id=\"1ef2c41\" data-element_type=\"widget\" data-widget_type=\"text-editor.default\">\n<div class=\"elementor-widget-container\">\n<ul>\n<li>San Antonio de Portamany Ibiza<\/li>\n<\/ul>\n<\/div>\n<\/div>\n<\/div>\n<\/div>\n<\/div>\n<\/section>\n<section class=\"elementor-section elementor-inner-section elementor-element elementor-element-1b5490b5 elementor-section-boxed elementor-section-height-default elementor-section-height-default\" data-id=\"1b5490b5\" data-element_type=\"section\">\n<div class=\"elementor-container elementor-column-gap-default\">\n<div class=\"elementor-column elementor-col-100 elementor-inner-column elementor-element elementor-element-465a191d\" data-id=\"465a191d\" data-element_type=\"column\">\n<div class=\"elementor-widget-wrap elementor-element-populated\">\n<div class=\"elementor-element elementor-element-e91e6c4 elementor-position-left elementor-vertical-align-top elementor-widget elementor-widget-image-box\" data-id=\"e91e6c4\" data-element_type=\"widget\" data-widget_type=\"image-box.default\">\n<div class=\"elementor-widget-container\">\n<div class=\"elementor-image-box-wrapper\">\n<figure class=\"elementor-image-box-img\"><img decoding=\"async\" class=\"attachment-full wp-image-649 alignleft\" src=\"https:\/\/boatsnolicenseibiza.com\/wp-content\/uploads\/2023\/03\/hourglass-1.png\" sizes=\"(max-width: 512px) 100vw, 512px\" srcset=\"https:\/\/boatsnolicenseibiza.com\/wp-content\/uploads\/2023\/03\/hourglass-1.png 512w, https:\/\/boatsnolicenseibiza.com\/wp-content\/uploads\/2023\/03\/hourglass-1-300x300.png 300w, https:\/\/boatsnolicenseibiza.com\/wp-content\/uploads\/2023\/03\/hourglass-1-150x150.png 150w, https:\/\/boatsnolicenseibiza.com\/wp-content\/uploads\/2023\/03\/hourglass-1-12x12.png 12w\" alt=\"\" width=\"17\" height=\"17\" \/><\/figure>\n<div class=\"elementor-image-box-content\">\n<h3 class=\"elementor-image-box-title\">Dauer<\/h3>\n<\/div>\n<\/div>\n<\/div>\n<\/div>\n<div class=\"elementor-element elementor-element-223a1045 elementor-widget elementor-widget-text-editor\" data-id=\"223a1045\" data-element_type=\"widget\" data-widget_type=\"text-editor.default\">\n<div class=\"elementor-widget-container\">\n<ul>\n<li>4 hours 30 minutes \u2013 9 hours 30 minutes<\/li>\n<\/ul>\n<\/div>\n<\/div>\n<\/div>\n<\/div>\n<\/div>\n<\/section>\n<section class=\"elementor-section elementor-inner-section elementor-element elementor-element-47577077 elementor-section-boxed elementor-section-height-default elementor-section-height-default\" data-id=\"47577077\" data-element_type=\"section\">\n<div class=\"elementor-container elementor-column-gap-default\">\n<div class=\"elementor-column elementor-col-100 elementor-inner-column elementor-element elementor-element-71a22a52\" data-id=\"71a22a52\" data-element_type=\"column\">\n<div class=\"elementor-widget-wrap elementor-element-populated\">\n<div class=\"elementor-element elementor-element-8feefc3 elementor-position-left elementor-vertical-align-top elementor-widget elementor-widget-image-box\" data-id=\"8feefc3\" data-element_type=\"widget\" data-widget_type=\"image-box.default\">\n<div class=\"elementor-widget-container\">\n<div class=\"elementor-image-box-wrapper\">\n<figure class=\"elementor-image-box-img\"><img loading=\"lazy\" decoding=\"async\" class=\"attachment-full wp-image-1047 alignleft\" src=\"https:\/\/boatsnolicenseibiza.com\/wp-content\/uploads\/2023\/03\/plus-icon.png\" sizes=\"(max-width: 512px) 100vw, 512px\" srcset=\"https:\/\/boatsnolicenseibiza.com\/wp-content\/uploads\/2023\/03\/plus-icon.png 512w, https:\/\/boatsnolicenseibiza.com\/wp-content\/uploads\/2023\/03\/plus-icon-300x300.png 300w, https:\/\/boatsnolicenseibiza.com\/wp-content\/uploads\/2023\/03\/plus-icon-150x150.png 150w, https:\/\/boatsnolicenseibiza.com\/wp-content\/uploads\/2023\/03\/plus-icon-12x12.png 12w\" alt=\"\" width=\"20\" height=\"20\" \/><\/figure>\n<div class=\"elementor-image-box-content\">\n<h3 class=\"elementor-image-box-title\">Einschlie\u00dflich<\/h3>\n<\/div>\n<\/div>\n<\/div>\n<\/div>\n<div class=\"elementor-element elementor-element-3c2fae15 elementor-widget elementor-widget-text-editor\" data-id=\"3c2fae15\" data-element_type=\"widget\" data-widget_type=\"text-editor.default\">\n<div class=\"elementor-widget-container\">\n<ul>\n<li>zusammenklappbarer Regenschirm<\/li>\n<li>Eisk\u00fchler<\/li>\n<li>Rettungsweste<\/li>\n<li>Rettungsdienst<\/li>\n<li>GPS<\/li>\n<li>Sicher<\/li>\n<li>Gro\u00dfe Markise und Solarium<\/li>\n<li>USB-Buchse f\u00fcr Handy<\/li>\n<li>Bluetooth-Musik<\/li>\n<\/ul>\n<\/div>\n<\/div>\n<\/div>\n<\/div>\n<\/div>\n<\/section>\n<section class=\"elementor-section elementor-inner-section elementor-element elementor-element-1872c932 elementor-section-boxed elementor-section-height-default elementor-section-height-default\" data-id=\"1872c932\" data-element_type=\"section\">\n<div class=\"elementor-container elementor-column-gap-default\">\n<div class=\"elementor-column elementor-col-100 elementor-inner-column elementor-element elementor-element-710047a9\" data-id=\"710047a9\" data-element_type=\"column\">\n<div class=\"elementor-widget-wrap elementor-element-populated\">\n<div class=\"elementor-element elementor-element-0706f52 elementor-position-left elementor-vertical-align-top elementor-widget elementor-widget-image-box\" data-id=\"0706f52\" data-element_type=\"widget\" data-widget_type=\"image-box.default\">\n<div class=\"elementor-widget-container\">\n<div class=\"elementor-image-box-wrapper\">\n<figure class=\"elementor-image-box-img\"><img loading=\"lazy\" decoding=\"async\" class=\"attachment-full wp-image-1044 alignleft\" src=\"https:\/\/boatsnolicenseibiza.com\/wp-content\/uploads\/2023\/03\/remove.png\" sizes=\"(max-width: 512px) 100vw, 512px\" srcset=\"https:\/\/boatsnolicenseibiza.com\/wp-content\/uploads\/2023\/03\/remove.png 512w, https:\/\/boatsnolicenseibiza.com\/wp-content\/uploads\/2023\/03\/remove-300x300.png 300w, https:\/\/boatsnolicenseibiza.com\/wp-content\/uploads\/2023\/03\/remove-150x150.png 150w, https:\/\/boatsnolicenseibiza.com\/wp-content\/uploads\/2023\/03\/remove-12x12.png 12w\" alt=\"\" width=\"21\" height=\"21\" \/><\/figure>\n<div class=\"elementor-image-box-content\">\n<h3 class=\"elementor-image-box-title\">Nicht enthalten<\/h3>\n<\/div>\n<\/div>\n<\/div>\n<\/div>\n<div class=\"elementor-element elementor-element-3a88b636 elementor-widget elementor-widget-text-editor\" data-id=\"3a88b636\" data-element_type=\"widget\" data-widget_type=\"text-editor.default\">\n<div class=\"elementor-widget-container\">\n<ul>\n<li>300 \u20ac Kaution<\/li>\n<li>Kraftstoff: 20 \u20ac f\u00fcr einen halben Tag und 40 \u20ac f\u00fcr einen ganzen Tag<\/li>\n<\/ul>\n<\/div>\n<\/div>\n<\/div>\n<\/div>\n<\/div>\n<\/section>\n<section class=\"elementor-section elementor-inner-section elementor-element elementor-element-7ad8f679 elementor-section-boxed elementor-section-height-default elementor-section-height-default\" data-id=\"7ad8f679\" data-element_type=\"section\">\n<div class=\"elementor-container elementor-column-gap-default\">\n<div class=\"elementor-column elementor-col-100 elementor-inner-column elementor-element elementor-element-6447ed93\" data-id=\"6447ed93\" data-element_type=\"column\">\n<div class=\"elementor-widget-wrap elementor-element-populated\">\n<div class=\"elementor-element elementor-element-ed2640b elementor-position-left elementor-vertical-align-top elementor-widget elementor-widget-image-box\" data-id=\"ed2640b\" data-element_type=\"widget\" data-widget_type=\"image-box.default\">\n<div class=\"elementor-widget-container\">\n<div class=\"elementor-image-box-wrapper\">\n<figure class=\"elementor-image-box-img\"><img loading=\"lazy\" decoding=\"async\" class=\"attachment-full wp-image-1051 alignleft\" src=\"https:\/\/boatsnolicenseibiza.com\/wp-content\/uploads\/2023\/03\/filling-form.png\" sizes=\"(max-width: 512px) 100vw, 512px\" srcset=\"https:\/\/boatsnolicenseibiza.com\/wp-content\/uploads\/2023\/03\/filling-form.png 512w, https:\/\/boatsnolicenseibiza.com\/wp-content\/uploads\/2023\/03\/filling-form-300x300.png 300w, https:\/\/boatsnolicenseibiza.com\/wp-content\/uploads\/2023\/03\/filling-form-150x150.png 150w, https:\/\/boatsnolicenseibiza.com\/wp-content\/uploads\/2023\/03\/filling-form-12x12.png 12w\" alt=\"\" width=\"20\" height=\"20\" \/><\/figure>\n<div class=\"elementor-image-box-content\">\n<h3 class=\"elementor-image-box-title\">Wie bucht man<\/h3>\n<\/div>\n<\/div>\n<\/div>\n<\/div>\n<div class=\"elementor-element elementor-element-4754ed33 elementor-widget elementor-widget-text-editor\" data-id=\"4754ed33\" data-element_type=\"widget\" data-widget_type=\"text-editor.default\">\n<div class=\"elementor-widget-container\">\n<ul>\n<li>Sie k\u00f6nnen bis zu 30 Minuten vor der Aktivit\u00e4t buchen, solange noch Pl\u00e4tze verf\u00fcgbar sind. Reservieren Sie jetzt, um Ihren Platz zu sichern.<\/li>\n<li>Um die Aktivit\u00e4t zu buchen, w\u00e4hlen Sie das Datum und f\u00fcllen Sie das Formular auf dieser Seite aus. Sie erhalten umgehend Ihre Best\u00e4tigung.<\/li>\n<\/ul>\n<\/div>\n<\/div>\n<\/div>\n<\/div>\n<\/div>\n<\/section>\n<section class=\"elementor-section elementor-inner-section elementor-element elementor-element-2ed2da5f elementor-section-boxed elementor-section-height-default elementor-section-height-default\" data-id=\"2ed2da5f\" data-element_type=\"section\">\n<div class=\"elementor-container elementor-column-gap-default\">\n<div class=\"elementor-column elementor-col-100 elementor-inner-column elementor-element elementor-element-419d0a71\" data-id=\"419d0a71\" data-element_type=\"column\">\n<div class=\"elementor-widget-wrap elementor-element-populated\">\n<div class=\"elementor-element elementor-element-a6ff70f elementor-position-left elementor-vertical-align-top elementor-widget elementor-widget-image-box\" data-id=\"a6ff70f\" data-element_type=\"widget\" data-widget_type=\"image-box.default\">\n<div class=\"elementor-widget-container\">\n<div class=\"elementor-image-box-wrapper\">\n<figure class=\"elementor-image-box-img\"><img loading=\"lazy\" decoding=\"async\" class=\"attachment-full wp-image-648 alignleft\" src=\"https:\/\/boatsnolicenseibiza.com\/wp-content\/uploads\/2023\/03\/thumbs-up-1.png\" sizes=\"(max-width: 512px) 100vw, 512px\" srcset=\"https:\/\/boatsnolicenseibiza.com\/wp-content\/uploads\/2023\/03\/thumbs-up-1.png 512w, https:\/\/boatsnolicenseibiza.com\/wp-content\/uploads\/2023\/03\/thumbs-up-1-300x300.png 300w, https:\/\/boatsnolicenseibiza.com\/wp-content\/uploads\/2023\/03\/thumbs-up-1-150x150.png 150w, https:\/\/boatsnolicenseibiza.com\/wp-content\/uploads\/2023\/03\/thumbs-up-1-12x12.png 12w\" alt=\"\" width=\"24\" height=\"24\" \/><\/figure>\n<div class=\"elementor-image-box-content\">\n<h3 class=\"elementor-image-box-title\">KOSTENLOSE Stornierung<\/h3>\n<\/div>\n<\/div>\n<\/div>\n<\/div>\n<div class=\"elementor-element elementor-element-4c2422a2 elementor-widget elementor-widget-text-editor\" data-id=\"4c2422a2\" data-element_type=\"widget\" data-widget_type=\"text-editor.default\">\n<div class=\"elementor-widget-container\">\n<ul>\n<li>Frei! Kostenlose Stornierung bis 3 Tage vor dem Tag der Aktivit\u00e4t. Wenn Sie innerhalb dieser Zeit stornieren oder nicht erscheinen, erhalten Sie keine R\u00fcckerstattung.<\/li>\n<\/ul>\n<\/div>\n<\/div>\n<\/div>\n<\/div>\n<\/div>\n<\/section>\n<section class=\"elementor-section elementor-inner-section elementor-element elementor-element-a93e52d elementor-section-boxed elementor-section-height-default elementor-section-height-default\" data-id=\"a93e52d\" data-element_type=\"section\">\n<div class=\"elementor-container elementor-column-gap-default\">\n<div class=\"elementor-column elementor-col-100 elementor-inner-column elementor-element elementor-element-6f00bbb2\" data-id=\"6f00bbb2\" data-element_type=\"column\">\n<div class=\"elementor-widget-wrap elementor-element-populated\">\n<div class=\"elementor-element elementor-element-0200b81 elementor-position-left elementor-vertical-align-top elementor-widget elementor-widget-image-box\" data-id=\"0200b81\" data-element_type=\"widget\" data-widget_type=\"image-box.default\">\n<div class=\"elementor-widget-container\">\n<div class=\"elementor-image-box-wrapper\">\n<figure class=\"elementor-image-box-img\"><img loading=\"lazy\" decoding=\"async\" class=\"attachment-full wp-image-1045 alignleft\" src=\"https:\/\/boatsnolicenseibiza.com\/wp-content\/uploads\/2023\/03\/save-money.png\" sizes=\"(max-width: 512px) 100vw, 512px\" srcset=\"https:\/\/boatsnolicenseibiza.com\/wp-content\/uploads\/2023\/03\/save-money.png 512w, https:\/\/boatsnolicenseibiza.com\/wp-content\/uploads\/2023\/03\/save-money-300x300.png 300w, https:\/\/boatsnolicenseibiza.com\/wp-content\/uploads\/2023\/03\/save-money-150x150.png 150w, https:\/\/boatsnolicenseibiza.com\/wp-content\/uploads\/2023\/03\/save-money-12x12.png 12w\" alt=\"\" width=\"27\" height=\"27\" \/><\/figure>\n<div class=\"elementor-image-box-content\">\n<h3 class=\"elementor-image-box-title\">Kaution<\/h3>\n<\/div>\n<\/div>\n<\/div>\n<\/div>\n<div class=\"elementor-element elementor-element-45c0489c elementor-widget elementor-widget-text-editor\" data-id=\"45c0489c\" data-element_type=\"widget\" data-widget_type=\"text-editor.default\">\n<div class=\"elementor-widget-container\">\n<ul>\n<li>Die Kaution kann in bar hinterlegt oder der Betrag auf einer Karte gesperrt werden.<\/li>\n<\/ul>\n<\/div>\n<\/div>\n<\/div>\n<\/div>\n<\/div>\n<\/section>","protected":false},"excerpt":{"rendered":"<p>MORE INFO The boat Catamaran Olvap 500 Lenght 5mts Capacity\u00a0 6 people Engine Yamaha 15hp Meeting point San Antonio de Portamany Ibiza Duration 4 hours 30 minutes \u2013 9 hours 30 minutes Included Foldable sunshade Cool boxes for ice Life jackets Lifeguard service GPS Insurance Big Canopy and solarium USB socket for mobile Bluetooth music [&hellip;]<\/p>","protected":false},"featured_media":1785,"comment_status":"open","ping_status":"closed","template":"","meta":{"_joinchat":[]},"product_brand":[],"product_cat":[30],"product_tag":[],"class_list":{"0":"post-2020","1":"product","2":"type-product","3":"status-publish","4":"has-post-thumbnail","6":"product_cat-drive-boat-rental","8":"first","9":"onbackorder","10":"virtual","11":"sold-individually","12":"purchasable","13":"product-type-booking"},"_links":{"self":[{"href":"https:\/\/thebosschartersibiza.com\/de\/wp-json\/wp\/v2\/product\/2020","targetHints":{"allow":["GET"]}}],"collection":[{"href":"https:\/\/thebosschartersibiza.com\/de\/wp-json\/wp\/v2\/product"}],"about":[{"href":"https:\/\/thebosschartersibiza.com\/de\/wp-json\/wp\/v2\/types\/product"}],"replies":[{"embeddable":true,"href":"https:\/\/thebosschartersibiza.com\/de\/wp-json\/wp\/v2\/comments?post=2020"}],"version-history":[{"count":3,"href":"https:\/\/thebosschartersibiza.com\/de\/wp-json\/wp\/v2\/product\/2020\/revisions"}],"predecessor-version":[{"id":2287,"href":"https:\/\/thebosschartersibiza.com\/de\/wp-json\/wp\/v2\/product\/2020\/revisions\/2287"}],"wp:featuredmedia":[{"embeddable":true,"href":"https:\/\/thebosschartersibiza.com\/de\/wp-json\/wp\/v2\/media\/1785"}],"wp:attachment":[{"href":"https:\/\/thebosschartersibiza.com\/de\/wp-json\/wp\/v2\/media?parent=2020"}],"wp:term":[{"taxonomy":"product_brand","embeddable":true,"href":"https:\/\/thebosschartersibiza.com\/de\/wp-json\/wp\/v2\/product_brand?post=2020"},{"taxonomy":"product_cat","embeddable":true,"href":"https:\/\/thebosschartersibiza.com\/de\/wp-json\/wp\/v2\/product_cat?post=2020"},{"taxonomy":"product_tag","embeddable":true,"href":"https:\/\/thebosschartersibiza.com\/de\/wp-json\/wp\/v2\/product_tag?post=2020"}],"curies":[{"name":"wp","href":"https:\/\/api.w.org\/{rel}","templated":true}]}}